{"id":185,"date":"2025-12-22T21:00:38","date_gmt":"2025-12-22T21:00:38","guid":{"rendered":"https:\/\/app.bigodeloterias.com\/?page_id=185"},"modified":"2026-01-10T17:09:31","modified_gmt":"2026-01-10T17:09:31","slug":"insta","status":"publish","type":"page","link":"https:\/\/app.bigodeloterias.com\/?page_id=185","title":{"rendered":"insta"},"content":{"rendered":"\t\t<div data-elementor-type=\"wp-page\" data-elementor-id=\"185\" class=\"elementor elementor-185\" data-elementor-post-type=\"page\">\n\t\t\t\t<div class=\"elementor-element elementor-element-3ca1797 e-flex e-con-boxed e-con e-parent\" data-id=\"3ca1797\" data-element_type=\"container\" data-settings=\"{&quot;background_background&quot;:&quot;gradient&quot;}\">\n\t\t\t\t\t<div class=\"e-con-inner\">\n\t\t<div class=\"elementor-element elementor-element-a5cf6f0 e-con-full e-flex e-con e-child\" data-id=\"a5cf6f0\" data-element_type=\"container\">\n\t\t\t\t<div class=\"elementor-element elementor-element-ff2e4b7 elementor-widget elementor-widget-heading\" data-id=\"ff2e4b7\" data-element_type=\"widget\" data-widget_type=\"heading.default\">\n\t\t\t\t<div class=\"elementor-widget-container\">\n\t\t\t<h2 class=\"elementor-heading-title elementor-size-default\"><a href=\"https:\/\/bigodeloterias.com\/register?ref=insta\">Jogar Agora<\/a><\/h2>\t\t<\/div>\n\t\t\t\t<\/div>\n\t\t\t\t<\/div>\n\t\t<div class=\"elementor-element elementor-element-3aa949d e-con-full e-flex e-con e-child\" data-id=\"3aa949d\" data-element_type=\"container\">\n\t\t\t\t<div class=\"elementor-element elementor-element-d06b57f elementor-align-center elementor-mobile-align-right elementor-widget elementor-widget-button\" data-id=\"d06b57f\" data-element_type=\"widget\" data-widget_type=\"button.default\">\n\t\t\t\t<div class=\"elementor-widget-container\">\n\t\t\t\t\t<div class=\"elementor-button-wrapper\">\n\t\t\t<a class=\"elementor-button elementor-button-link elementor-size-sm\" href=\"https:\/\/bigodeloterias.com\/register?ref=insta\">\n\t\t\t\t\t\t<span class=\"elementor-button-content-wrapper\">\n\t\t\t\t\t\t\t\t\t<span class=\"elementor-button-text\">CRIAR CONTA<\/span>\n\t\t\t\t\t<\/span>\n\t\t\t\t\t<\/a>\n\t\t<\/div>\n\t\t\t\t<\/div>\n\t\t\t\t<\/div>\n\t\t\t\t<\/div>\n\t\t\t\t\t<\/div>\n\t\t\t\t<\/div>\n\t\t<div class=\"elementor-element elementor-element-fb3aef5 e-flex e-con-boxed e-con e-parent\" data-id=\"fb3aef5\" data-element_type=\"container\" data-settings=\"{&quot;background_background&quot;:&quot;classic&quot;}\">\n\t\t\t\t\t<div class=\"e-con-inner\">\n\t\t\t\t<div class=\"elementor-element elementor-element-e10feec elementor-widget elementor-widget-image\" data-id=\"e10feec\" data-element_type=\"widget\" data-widget_type=\"image.default\">\n\t\t\t\t<div class=\"elementor-widget-container\">\n\t\t\t\t\t\t\t\t\t\t\t\t\t\t<a href=\"https:\/\/bigodeloterias.com\/register?ref=BrXG4\">\n\t\t\t\t\t\t\t<img fetchpriority=\"high\" decoding=\"async\" width=\"1024\" height=\"379\" src=\"https:\/\/app.bigodeloterias.com\/wp-content\/uploads\/2025\/12\/LOTERIAS-2160-x-800-px-1024x379.png\" class=\"attachment-large size-large wp-image-70\" alt=\"\" srcset=\"https:\/\/app.bigodeloterias.com\/wp-content\/uploads\/2025\/12\/LOTERIAS-2160-x-800-px-1024x379.png 1024w, https:\/\/app.bigodeloterias.com\/wp-content\/uploads\/2025\/12\/LOTERIAS-2160-x-800-px-300x111.png 300w, https:\/\/app.bigodeloterias.com\/wp-content\/uploads\/2025\/12\/LOTERIAS-2160-x-800-px-768x284.png 768w, https:\/\/app.bigodeloterias.com\/wp-content\/uploads\/2025\/12\/LOTERIAS-2160-x-800-px-1536x569.png 1536w, https:\/\/app.bigodeloterias.com\/wp-content\/uploads\/2025\/12\/LOTERIAS-2160-x-800-px-2048x759.png 2048w\" sizes=\"(max-width: 1024px) 100vw, 1024px\" \/>\t\t\t\t\t\t\t\t<\/a>\n\t\t\t\t\t\t\t\t\t\t\t\t\t<\/div>\n\t\t\t\t<\/div>\n\t\t\t\t<div class=\"elementor-element elementor-element-356e064 elementor-widget elementor-widget-html\" data-id=\"356e064\" data-element_type=\"widget\" data-widget_type=\"html.default\">\n\t\t\t\t<div class=\"elementor-widget-container\">\n\t\t\t<!-- Meta Pixel Code -->\n<script>\n!function(f,b,e,v,n,t,s)\n{if(f.fbq)return;n=f.fbq=function(){n.callMethod?\nn.callMethod.apply(n,arguments):n.queue.push(arguments)};\nif(!f._fbq)f._fbq=n;n.push=n;n.loaded=!0;n.version='2.0';\nn.queue=[];t=b.createElement(e);t.async=!0;\nt.src=v;s=b.getElementsByTagName(e)[0];\ns.parentNode.insertBefore(t,s)}(window, document,'script',\n'https:\/\/connect.facebook.net\/en_US\/fbevents.js');\nfbq('init', '420671857021940');\nfbq('track', 'PageView');\n<\/script>\n<noscript><img height=\"1\" width=\"1\" style=\"display:none\"\nsrc=\"https:\/\/www.facebook.com\/tr?id=420671857021940&ev=PageView&noscript=1\"\n\/><\/noscript>\n<!-- End Meta Pixel Code -->\t\t<\/div>\n\t\t\t\t<\/div>\n\t\t\t\t<div class=\"elementor-element elementor-element-6921c1b elementor-widget elementor-widget-image\" data-id=\"6921c1b\" data-element_type=\"widget\" data-widget_type=\"image.default\">\n\t\t\t\t<div class=\"elementor-widget-container\">\n\t\t\t\t\t\t\t\t\t\t\t\t\t\t<a href=\"https:\/\/bigodeloterias.com\/register?ref=insta\">\n\t\t\t\t\t\t\t<img decoding=\"async\" width=\"1080\" height=\"540\" src=\"https:\/\/app.bigodeloterias.com\/wp-content\/uploads\/2026\/01\/A-melhor-banca-do-Brasil-agoram-6.png\" class=\"attachment-1536x1536 size-1536x1536 wp-image-209\" alt=\"\" srcset=\"https:\/\/app.bigodeloterias.com\/wp-content\/uploads\/2026\/01\/A-melhor-banca-do-Brasil-agoram-6.png 1080w, https:\/\/app.bigodeloterias.com\/wp-content\/uploads\/2026\/01\/A-melhor-banca-do-Brasil-agoram-6-300x150.png 300w, https:\/\/app.bigodeloterias.com\/wp-content\/uploads\/2026\/01\/A-melhor-banca-do-Brasil-agoram-6-1024x512.png 1024w, https:\/\/app.bigodeloterias.com\/wp-content\/uploads\/2026\/01\/A-melhor-banca-do-Brasil-agoram-6-768x384.png 768w\" sizes=\"(max-width: 1080px) 100vw, 1080px\" \/>\t\t\t\t\t\t\t\t<\/a>\n\t\t\t\t\t\t\t\t\t\t\t\t\t<\/div>\n\t\t\t\t<\/div>\n\t\t\t\t<div class=\"elementor-element elementor-element-c90947a elementor-widget elementor-widget-text-editor\" data-id=\"c90947a\" data-element_type=\"widget\" data-widget_type=\"text-editor.default\">\n\t\t\t\t<div class=\"elementor-widget-container\">\n\t\t\t\t\t\t\t<h2><strong>A MAIOR<\/strong> e <strong>MELHOR COTA\u00c7\u00c3O<\/strong> do Brasil!\u200b<\/h2>\t\t\t\t\t\t<\/div>\n\t\t\t\t<\/div>\n\t\t\t\t<div class=\"elementor-element elementor-element-ce2c93d elementor-widget elementor-widget-image\" data-id=\"ce2c93d\" data-element_type=\"widget\" data-widget_type=\"image.default\">\n\t\t\t\t<div class=\"elementor-widget-container\">\n\t\t\t\t\t\t\t\t\t\t\t\t\t\t<a href=\"https:\/\/bigodeloterias.com\/register?ref=insta\">\n\t\t\t\t\t\t\t<img loading=\"lazy\" decoding=\"async\" width=\"1024\" height=\"512\" src=\"https:\/\/app.bigodeloterias.com\/wp-content\/uploads\/2025\/12\/A-melhor-banca-do-Brasil-agoram-2-1024x512.png\" class=\"attachment-large size-large wp-image-72\" alt=\"\" srcset=\"https:\/\/app.bigodeloterias.com\/wp-content\/uploads\/2025\/12\/A-melhor-banca-do-Brasil-agoram-2-1024x512.png 1024w, https:\/\/app.bigodeloterias.com\/wp-content\/uploads\/2025\/12\/A-melhor-banca-do-Brasil-agoram-2-300x150.png 300w, https:\/\/app.bigodeloterias.com\/wp-content\/uploads\/2025\/12\/A-melhor-banca-do-Brasil-agoram-2-768x384.png 768w, https:\/\/app.bigodeloterias.com\/wp-content\/uploads\/2025\/12\/A-melhor-banca-do-Brasil-agoram-2.png 1080w\" sizes=\"(max-width: 1024px) 100vw, 1024px\" \/>\t\t\t\t\t\t\t\t<\/a>\n\t\t\t\t\t\t\t\t\t\t\t\t\t<\/div>\n\t\t\t\t<\/div>\n\t\t\t\t<div class=\"elementor-element elementor-element-d861433 elementor-widget elementor-widget-html\" data-id=\"d861433\" data-element_type=\"widget\" data-widget_type=\"html.default\">\n\t\t\t\t<div class=\"elementor-widget-container\">\n\t\t\t<div style=\"text-align:center;\">\n  <a href=\"https:\/\/bigodeloterias.com\/register?ref=insta\" class=\"btn-loteria\">\n    FAZER UMA F\u00e9zinha\n  <\/a>\n<\/div>\n\t\t<\/div>\n\t\t\t\t<\/div>\n\t\t\t\t<div class=\"elementor-element elementor-element-9c191e1 elementor-widget elementor-widget-image\" data-id=\"9c191e1\" data-element_type=\"widget\" data-widget_type=\"image.default\">\n\t\t\t\t<div class=\"elementor-widget-container\">\n\t\t\t\t\t\t\t\t\t\t\t\t\t<img loading=\"lazy\" decoding=\"async\" width=\"1024\" height=\"367\" src=\"https:\/\/app.bigodeloterias.com\/wp-content\/uploads\/2025\/12\/BANNER-4-2-1-1024x367.png\" class=\"attachment-large size-large wp-image-128\" alt=\"\" srcset=\"https:\/\/app.bigodeloterias.com\/wp-content\/uploads\/2025\/12\/BANNER-4-2-1-1024x367.png 1024w, https:\/\/app.bigodeloterias.com\/wp-content\/uploads\/2025\/12\/BANNER-4-2-1-300x107.png 300w, https:\/\/app.bigodeloterias.com\/wp-content\/uploads\/2025\/12\/BANNER-4-2-1-768x275.png 768w, https:\/\/app.bigodeloterias.com\/wp-content\/uploads\/2025\/12\/BANNER-4-2-1.png 1100w\" sizes=\"(max-width: 1024px) 100vw, 1024px\" \/>\t\t\t\t\t\t\t\t\t\t\t\t\t<\/div>\n\t\t\t\t<\/div>\n\t\t\t\t<div class=\"elementor-element elementor-element-d02f284 elementor-mobile-align-center elementor-align-center elementor-widget elementor-widget-button\" data-id=\"d02f284\" data-element_type=\"widget\" data-widget_type=\"button.default\">\n\t\t\t\t<div class=\"elementor-widget-container\">\n\t\t\t\t\t<div class=\"elementor-button-wrapper\">\n\t\t\t<a class=\"elementor-button elementor-button-link elementor-size-sm\" href=\"#\">\n\t\t\t\t\t\t<span class=\"elementor-button-content-wrapper\">\n\t\t\t\t\t\t<span class=\"elementor-button-icon\">\n\t\t\t\t<svg aria-hidden=\"true\" class=\"e-font-icon-svg e-fab-whatsapp\" viewBox=\"0 0 448 512\" xmlns=\"http:\/\/www.w3.org\/2000\/svg\"><path d=\"M380.9 97.1C339 55.1 283.2 32 223.9 32c-122.4 0-222 99.6-222 222 0 39.1 10.2 77.3 29.6 111L0 480l117.7-30.9c32.4 17.7 68.9 27 106.1 27h.1c122.3 0 224.1-99.6 224.1-222 0-59.3-25.2-115-67.1-157zm-157 341.6c-33.2 0-65.7-8.9-94-25.7l-6.7-4-69.8 18.3L72 359.2l-4.4-7c-18.5-29.4-28.2-63.3-28.2-98.2 0-101.7 82.8-184.5 184.6-184.5 49.3 0 95.6 19.2 130.4 54.1 34.8 34.9 56.2 81.2 56.1 130.5 0 101.8-84.9 184.6-186.6 184.6zm101.2-138.2c-5.5-2.8-32.8-16.2-37.9-18-5.1-1.9-8.8-2.8-12.5 2.8-3.7 5.6-14.3 18-17.6 21.8-3.2 3.7-6.5 4.2-12 1.4-32.6-16.3-54-29.1-75.5-66-5.7-9.8 5.7-9.1 16.3-30.3 1.8-3.7.9-6.9-.5-9.7-1.4-2.8-12.5-30.1-17.1-41.2-4.5-10.8-9.1-9.3-12.5-9.5-3.2-.2-6.9-.2-10.6-.2-3.7 0-9.7 1.4-14.8 6.9-5.1 5.6-19.4 19-19.4 46.3 0 27.3 19.9 53.7 22.6 57.4 2.8 3.7 39.1 59.7 94.8 83.8 35.2 15.2 49 16.5 66.6 13.9 10.7-1.6 32.8-13.4 37.4-26.4 4.6-13 4.6-24.1 3.2-26.4-1.3-2.5-5-3.9-10.5-6.6z\"><\/path><\/svg>\t\t\t<\/span>\n\t\t\t\t\t\t\t\t\t<span class=\"elementor-button-text\">FALAR COM PROMOTOR<\/span>\n\t\t\t\t\t<\/span>\n\t\t\t\t\t<\/a>\n\t\t<\/div>\n\t\t\t\t<\/div>\n\t\t\t\t<\/div>\n\t\t\t\t\t<\/div>\n\t\t\t\t<\/div>\n\t\t<div class=\"elementor-element elementor-element-cd47862 e-flex e-con-boxed e-con e-parent\" data-id=\"cd47862\" data-element_type=\"container\" data-settings=\"{&quot;background_background&quot;:&quot;classic&quot;}\">\n\t\t\t\t\t<div class=\"e-con-inner\">\n\t\t<div class=\"elementor-element elementor-element-7a2f892 e-con-full e-flex e-con e-child\" data-id=\"7a2f892\" data-element_type=\"container\" data-settings=\"{&quot;background_background&quot;:&quot;classic&quot;}\">\n\t\t\t\t<div class=\"elementor-element elementor-element-fbd1c89 elementor-widget elementor-widget-heading\" data-id=\"fbd1c89\" data-element_type=\"widget\" data-widget_type=\"heading.default\">\n\t\t\t\t<div class=\"elementor-widget-container\">\n\t\t\t<h2 class=\"elementor-heading-title elementor-size-default\">\u26a0\ufe0f Jogue com responsabilidade. O jogo pode causar depend\u00eancia. Proibido para menores de 18 anos. Se voc\u00ea ou algu\u00e9m que conhece tem problemas com jogos de azar, procure ajuda especializada.\n\n<\/h2>\t\t<\/div>\n\t\t\t\t<\/div>\n\t\t\t\t<\/div>\n\t\t\t\t<div class=\"elementor-element elementor-element-090d7ae elementor-widget elementor-widget-heading\" data-id=\"090d7ae\" data-element_type=\"widget\" data-widget_type=\"heading.default\">\n\t\t\t\t<div class=\"elementor-widget-container\">\n\t\t\t<h2 class=\"elementor-heading-title elementor-size-default\">Feito para Brasileiro \ud83c\udde7\ud83c\uddf7\n\n\n<\/h2>\t\t<\/div>\n\t\t\t\t<\/div>\n\t\t\t\t<div class=\"elementor-element elementor-element-c9bdb42 elementor-widget elementor-widget-heading\" data-id=\"c9bdb42\" data-element_type=\"widget\" data-widget_type=\"heading.default\">\n\t\t\t\t<div class=\"elementor-widget-container\">\n\t\t\t<h2 class=\"elementor-heading-title elementor-size-default\">\u00a9 2025 Bigode Loterias. Todos os direitos reservados.\n\n<\/h2>\t\t<\/div>\n\t\t\t\t<\/div>\n\t\t\t\t\t<\/div>\n\t\t\t\t<\/div>\n\t\t\t\t<\/div>\n\t\t","protected":false},"excerpt":{"rendered":"<p>Jogar Agora CRIAR CONTA A MAIOR e MELHOR COTA\u00c7\u00c3O do Brasil!\u200b FAZER UMA F\u00e9zinha FALAR COM PROMOTOR \u26a0\ufe0f Jogue com responsabilidade. O jogo pode causar depend\u00eancia. Proibido para menores de 18 anos. Se voc\u00ea ou algu\u00e9m que conhece tem problemas com jogos de azar, procure ajuda especializada. Feito para Brasileiro \ud83c\udde7\ud83c\uddf7 \u00a9 2025 Bigode Loterias. [&hellip;]<\/p>\n","protected":false},"author":1,"featured_media":0,"parent":0,"menu_order":0,"comment_status":"closed","ping_status":"closed","template":"elementor_canvas","meta":{"footnotes":""},"class_list":["post-185","page","type-page","status-publish","hentry"],"_links":{"self":[{"href":"https:\/\/app.bigodeloterias.com\/index.php?rest_route=\/wp\/v2\/pages\/185","targetHints":{"allow":["GET"]}}],"collection":[{"href":"https:\/\/app.bigodeloterias.com\/index.php?rest_route=\/wp\/v2\/pages"}],"about":[{"href":"https:\/\/app.bigodeloterias.com\/index.php?rest_route=\/wp\/v2\/types\/page"}],"author":[{"embeddable":true,"href":"https:\/\/app.bigodeloterias.com\/index.php?rest_route=\/wp\/v2\/users\/1"}],"replies":[{"embeddable":true,"href":"https:\/\/app.bigodeloterias.com\/index.php?rest_route=%2Fwp%2Fv2%2Fcomments&post=185"}],"version-history":[{"count":6,"href":"https:\/\/app.bigodeloterias.com\/index.php?rest_route=\/wp\/v2\/pages\/185\/revisions"}],"predecessor-version":[{"id":253,"href":"https:\/\/app.bigodeloterias.com\/index.php?rest_route=\/wp\/v2\/pages\/185\/revisions\/253"}],"wp:attachment":[{"href":"https:\/\/app.bigodeloterias.com\/index.php?rest_route=%2Fwp%2Fv2%2Fmedia&parent=185"}],"curies":[{"name":"wp","href":"https:\/\/api.w.org\/{rel}","templated":true}]}}