{"id":235,"date":"2026-01-12T20:24:28","date_gmt":"2026-01-12T20:24:28","guid":{"rendered":"https:\/\/app.bigodeloterias.com\/?page_id=235"},"modified":"2026-01-12T21:50:55","modified_gmt":"2026-01-12T21:50:55","slug":"ads03","status":"publish","type":"page","link":"https:\/\/app.bigodeloterias.com\/?page_id=235","title":{"rendered":"ads03"},"content":{"rendered":"\t\t<div data-elementor-type=\"wp-page\" data-elementor-id=\"235\" class=\"elementor elementor-235\" data-elementor-post-type=\"page\">\n\t\t\t\t<div class=\"elementor-element elementor-element-30b624e3 e-flex e-con-boxed e-con e-parent\" data-id=\"30b624e3\" data-element_type=\"container\" data-settings=\"{&quot;background_background&quot;:&quot;gradient&quot;}\">\n\t\t\t\t\t<div class=\"e-con-inner\">\n\t\t<div class=\"elementor-element elementor-element-1880c2c6 e-con-full e-flex e-con e-child\" data-id=\"1880c2c6\" data-element_type=\"container\">\n\t\t\t\t<div class=\"elementor-element elementor-element-480a48e3 elementor-widget elementor-widget-heading\" data-id=\"480a48e3\" data-element_type=\"widget\" data-widget_type=\"heading.default\">\n\t\t\t\t<div class=\"elementor-widget-container\">\n\t\t\t<h2 class=\"elementor-heading-title elementor-size-default\"><a href=\"https:\/\/bigodeloterias.com\/?ref=BrXG4\">Jogar Agora<\/a><\/h2>\t\t<\/div>\n\t\t\t\t<\/div>\n\t\t\t\t<\/div>\n\t\t<div class=\"elementor-element elementor-element-4b0de2b1 e-con-full e-flex e-con e-child\" data-id=\"4b0de2b1\" data-element_type=\"container\">\n\t\t\t\t<div class=\"elementor-element elementor-element-4ce8fbd0 elementor-align-center elementor-mobile-align-right elementor-widget elementor-widget-button\" data-id=\"4ce8fbd0\" data-element_type=\"widget\" data-widget_type=\"button.default\">\n\t\t\t\t<div class=\"elementor-widget-container\">\n\t\t\t\t\t<div class=\"elementor-button-wrapper\">\n\t\t\t<a class=\"elementor-button elementor-button-link elementor-size-sm\" href=\"https:\/\/bigodeloterias.com\/register?ref=meta02\">\n\t\t\t\t\t\t<span class=\"elementor-button-content-wrapper\">\n\t\t\t\t\t\t\t\t\t<span class=\"elementor-button-text\">CRIAR CONTA<\/span>\n\t\t\t\t\t<\/span>\n\t\t\t\t\t<\/a>\n\t\t<\/div>\n\t\t\t\t<\/div>\n\t\t\t\t<\/div>\n\t\t\t\t<\/div>\n\t\t\t\t\t<\/div>\n\t\t\t\t<\/div>\n\t\t<div class=\"elementor-element elementor-element-7a751581 e-flex e-con-boxed e-con e-parent\" data-id=\"7a751581\" data-element_type=\"container\" data-settings=\"{&quot;background_background&quot;:&quot;classic&quot;}\">\n\t\t\t\t\t<div class=\"e-con-inner\">\n\t\t\t\t<div class=\"elementor-element elementor-element-20219c71 elementor-widget elementor-widget-image\" data-id=\"20219c71\" data-element_type=\"widget\" data-widget_type=\"image.default\">\n\t\t\t\t<div class=\"elementor-widget-container\">\n\t\t\t\t\t\t\t\t\t\t\t\t\t\t<a href=\"https:\/\/bigodeloterias.com\/register?ref=meta02\">\n\t\t\t\t\t\t\t<img fetchpriority=\"high\" decoding=\"async\" width=\"1024\" height=\"379\" src=\"https:\/\/app.bigodeloterias.com\/wp-content\/uploads\/2025\/12\/LOTERIAS-2160-x-800-px-1024x379.png\" class=\"attachment-large size-large wp-image-70\" alt=\"\" srcset=\"https:\/\/app.bigodeloterias.com\/wp-content\/uploads\/2025\/12\/LOTERIAS-2160-x-800-px-1024x379.png 1024w, https:\/\/app.bigodeloterias.com\/wp-content\/uploads\/2025\/12\/LOTERIAS-2160-x-800-px-300x111.png 300w, https:\/\/app.bigodeloterias.com\/wp-content\/uploads\/2025\/12\/LOTERIAS-2160-x-800-px-768x284.png 768w, https:\/\/app.bigodeloterias.com\/wp-content\/uploads\/2025\/12\/LOTERIAS-2160-x-800-px-1536x569.png 1536w, https:\/\/app.bigodeloterias.com\/wp-content\/uploads\/2025\/12\/LOTERIAS-2160-x-800-px-2048x759.png 2048w\" sizes=\"(max-width: 1024px) 100vw, 1024px\" \/>\t\t\t\t\t\t\t\t<\/a>\n\t\t\t\t\t\t\t\t\t\t\t\t\t<\/div>\n\t\t\t\t<\/div>\n\t\t\t\t<div class=\"elementor-element elementor-element-71f450f9 elementor-widget elementor-widget-html\" data-id=\"71f450f9\" data-element_type=\"widget\" data-widget_type=\"html.default\">\n\t\t\t\t<div class=\"elementor-widget-container\">\n\t\t\t<!-- Meta Pixel Code -->\n<script>\n!function(f,b,e,v,n,t,s)\n{if(f.fbq)return;n=f.fbq=function(){n.callMethod?\nn.callMethod.apply(n,arguments):n.queue.push(arguments)};\nif(!f._fbq)f._fbq=n;n.push=n;n.loaded=!0;n.version='2.0';\nn.queue=[];t=b.createElement(e);t.async=!0;\nt.src=v;s=b.getElementsByTagName(e)[0];\ns.parentNode.insertBefore(t,s)}(window, document,'script',\n'https:\/\/connect.facebook.net\/en_US\/fbevents.js');\nfbq('init', '750238257484017');\nfbq('track', 'PageView');\n<\/script>\n<noscript><img height=\"1\" width=\"1\" style=\"display:none\"\nsrc=\"https:\/\/www.facebook.com\/tr?id=750238257484017&ev=PageView&noscript=1\"\n\/><\/noscript>\n<!-- End Meta Pixel Code -->\t\t<\/div>\n\t\t\t\t<\/div>\n\t\t\t\t<div class=\"elementor-element elementor-element-6228fbdb elementor-widget elementor-widget-html\" data-id=\"6228fbdb\" data-element_type=\"widget\" data-widget_type=\"html.default\">\n\t\t\t\t<div class=\"elementor-widget-container\">\n\t\t\t<script>\r\n(function () {\r\n  \/\/ ===== CONFIG =====\r\n  \/\/ Se quiser limitar apenas aos bot\u00f5es do Elementor:\r\n  \/\/ ex: ['.elementor-button-link', 'a.elementor-button']\r\n  var SELECTORS = ['a']; \r\n\r\n  \/\/ Quantos dias manter os par\u00e2metros salvos\r\n  var COOKIE_DAYS = 30;\r\n\r\n  \/\/ Ignorar links que n\u00e3o devem ser alterados\r\n  function shouldSkipLink(a) {\r\n    if (!a || !a.href) return true;\r\n\r\n    var href = a.getAttribute('href') || '';\r\n    var lower = href.toLowerCase();\r\n\r\n    \/\/ \u00c2ncoras, javascript, tel, mailto\r\n    if (href.startsWith('#')) return true;\r\n    if (lower.startsWith('javascript:')) return true;\r\n    if (lower.startsWith('mailto:') || lower.startsWith('tel:')) return true;\r\n\r\n    return false;\r\n  }\r\n\r\n  \/\/ Cookie helpers\r\n  function setCookie(name, value, days) {\r\n    try {\r\n      var expires = '';\r\n      if (days) {\r\n        var date = new Date();\r\n        date.setTime(date.getTime() + (days * 24 * 60 * 60 * 1000));\r\n        expires = '; expires=' + date.toUTCString();\r\n      }\r\n      document.cookie = name + '=' + encodeURIComponent(value) + expires + '; path=\/; SameSite=Lax';\r\n    } catch (e) {}\r\n  }\r\n\r\n  function getCookie(name) {\r\n    try {\r\n      var nameEQ = name + '=';\r\n      var ca = document.cookie.split(';');\r\n      for (var i = 0; i < ca.length; i++) {\r\n        var c = ca[i];\r\n        while (c.charAt(0) === ' ') c = c.substring(1, c.length);\r\n        if (c.indexOf(nameEQ) === 0) return decodeURIComponent(c.substring(nameEQ.length, c.length));\r\n      }\r\n    } catch (e) {}\r\n    return null;\r\n  }\r\n\r\n  \/\/ Pega params atuais da URL\r\n  function getCurrentParams() {\r\n    var out = {};\r\n    try {\r\n      var sp = new URLSearchParams(window.location.search);\r\n      sp.forEach(function(v, k) {\r\n        if (k && v != null && v !== '') out[k] = v;\r\n      });\r\n    } catch (e) {}\r\n    return out;\r\n  }\r\n\r\n  \/\/ L\u00ea params salvos\r\n  function getSavedParams() {\r\n    try {\r\n      var raw = localStorage.getItem('lp_params');\r\n      if (raw) return JSON.parse(raw);\r\n    } catch (e) {}\r\n    try {\r\n      var c = getCookie('lp_params');\r\n      if (c) return JSON.parse(c);\r\n    } catch (e) {}\r\n    return {};\r\n  }\r\n\r\n  \/\/ Salva params (merge)\r\n  function saveParams(obj) {\r\n    try {\r\n      var json = JSON.stringify(obj);\r\n      localStorage.setItem('lp_params', json);\r\n      setCookie('lp_params', json, COOKIE_DAYS);\r\n    } catch (e) {}\r\n  }\r\n\r\n  \/\/ Merge: mant\u00e9m o que j\u00e1 tem salvo, mas atualiza com o que veio agora\r\n  function mergeParams(saved, incoming) {\r\n    var merged = {};\r\n    \/\/ primeiro o salvo\r\n    Object.keys(saved || {}).forEach(function(k){ merged[k] = saved[k]; });\r\n    \/\/ depois o incoming sobrescreve\r\n    Object.keys(incoming || {}).forEach(function(k){ merged[k] = incoming[k]; });\r\n    return merged;\r\n  }\r\n\r\n  \/\/ Adiciona params em um link (sem duplicar)\r\n  function appendParamsToUrl(url, params) {\r\n    try {\r\n      var u = new URL(url, window.location.origin);\r\n\r\n      \/\/ Se n\u00e3o quer mexer em outros dom\u00ednios, descomente:\r\n      \/\/ if (u.origin !== window.location.origin) return url;\r\n\r\n      Object.keys(params || {}).forEach(function (k) {\r\n        \/\/ s\u00f3 adiciona se ainda n\u00e3o existir no link\r\n        if (!u.searchParams.has(k)) {\r\n          u.searchParams.set(k, params[k]);\r\n        }\r\n      });\r\n\r\n      return u.toString();\r\n    } catch (e) {\r\n      \/\/ fallback simples (se URL for relativa mal formatada)\r\n      return url;\r\n    }\r\n  }\r\n\r\n  function processLinks(params) {\r\n    SELECTORS.forEach(function(sel){\r\n      var links = document.querySelectorAll(sel);\r\n      for (var i = 0; i < links.length; i++) {\r\n        var a = links[i];\r\n        if (shouldSkipLink(a)) continue;\r\n\r\n        var oldHref = a.href;\r\n        var newHref = appendParamsToUrl(oldHref, params);\r\n\r\n        \/\/ s\u00f3 altera se mudou\r\n        if (newHref && newHref !== oldHref) {\r\n          a.href = newHref;\r\n        }\r\n      }\r\n    });\r\n  }\r\n\r\n  \/\/ ===== RUN =====\r\n  var incoming = getCurrentParams();     \/\/ o que veio da META (e outros)\r\n  var saved = getSavedParams();          \/\/ o que j\u00e1 estava salvo\r\n  var merged = mergeParams(saved, incoming);\r\n\r\n  \/\/ se tiver algo, salva e aplica\r\n  if (Object.keys(merged).length > 0) {\r\n    saveParams(merged);\r\n    processLinks(merged);\r\n\r\n    \/\/ Se Elementor\/carrega bot\u00f5es depois, observa mudan\u00e7as no DOM\r\n    var obs = new MutationObserver(function() {\r\n      processLinks(merged);\r\n    });\r\n    obs.observe(document.documentElement, { childList: true, subtree: true });\r\n  }\r\n})();\r\n<\/script>\r\n\t\t<\/div>\n\t\t\t\t<\/div>\n\t\t\t\t<div class=\"elementor-element elementor-element-3ea67dbd elementor-widget elementor-widget-image\" data-id=\"3ea67dbd\" data-element_type=\"widget\" data-widget_type=\"image.default\">\n\t\t\t\t<div class=\"elementor-widget-container\">\n\t\t\t\t\t\t\t\t\t\t\t\t\t\t<a href=\"https:\/\/bigodeloterias.com\/register?ref=meta02\">\n\t\t\t\t\t\t\t<img decoding=\"async\" width=\"1100\" height=\"394\" src=\"https:\/\/app.bigodeloterias.com\/wp-content\/uploads\/2025\/12\/BANNER-4-2-1.png\" class=\"attachment-1536x1536 size-1536x1536 wp-image-128\" alt=\"\" srcset=\"https:\/\/app.bigodeloterias.com\/wp-content\/uploads\/2025\/12\/BANNER-4-2-1.png 1100w, https:\/\/app.bigodeloterias.com\/wp-content\/uploads\/2025\/12\/BANNER-4-2-1-300x107.png 300w, https:\/\/app.bigodeloterias.com\/wp-content\/uploads\/2025\/12\/BANNER-4-2-1-1024x367.png 1024w, https:\/\/app.bigodeloterias.com\/wp-content\/uploads\/2025\/12\/BANNER-4-2-1-768x275.png 768w\" sizes=\"(max-width: 1100px) 100vw, 1100px\" \/>\t\t\t\t\t\t\t\t<\/a>\n\t\t\t\t\t\t\t\t\t\t\t\t\t<\/div>\n\t\t\t\t<\/div>\n\t\t\t\t<div class=\"elementor-element elementor-element-3c225874 elementor-widget elementor-widget-text-editor\" data-id=\"3c225874\" data-element_type=\"widget\" data-widget_type=\"text-editor.default\">\n\t\t\t\t<div class=\"elementor-widget-container\">\n\t\t\t\t\t\t\t<h2><strong>A MAIOR<\/strong> e <strong>MELHOR COTA\u00c7\u00c3O<\/strong> do Brasil!\u200b<\/h2>\t\t\t\t\t\t<\/div>\n\t\t\t\t<\/div>\n\t\t\t\t<div class=\"elementor-element elementor-element-41a5d532 elementor-widget elementor-widget-image\" data-id=\"41a5d532\" data-element_type=\"widget\" data-widget_type=\"image.default\">\n\t\t\t\t<div class=\"elementor-widget-container\">\n\t\t\t\t\t\t\t\t\t\t\t\t\t\t<a href=\"https:\/\/bigodeloterias.com\/register?ref=meta02\">\n\t\t\t\t\t\t\t<img loading=\"lazy\" decoding=\"async\" width=\"1024\" height=\"512\" src=\"https:\/\/app.bigodeloterias.com\/wp-content\/uploads\/2025\/12\/A-melhor-banca-do-Brasil-agoram-2-1024x512.png\" class=\"attachment-large size-large wp-image-72\" alt=\"\" srcset=\"https:\/\/app.bigodeloterias.com\/wp-content\/uploads\/2025\/12\/A-melhor-banca-do-Brasil-agoram-2-1024x512.png 1024w, https:\/\/app.bigodeloterias.com\/wp-content\/uploads\/2025\/12\/A-melhor-banca-do-Brasil-agoram-2-300x150.png 300w, https:\/\/app.bigodeloterias.com\/wp-content\/uploads\/2025\/12\/A-melhor-banca-do-Brasil-agoram-2-768x384.png 768w, https:\/\/app.bigodeloterias.com\/wp-content\/uploads\/2025\/12\/A-melhor-banca-do-Brasil-agoram-2.png 1080w\" sizes=\"(max-width: 1024px) 100vw, 1024px\" \/>\t\t\t\t\t\t\t\t<\/a>\n\t\t\t\t\t\t\t\t\t\t\t\t\t<\/div>\n\t\t\t\t<\/div>\n\t\t\t\t<div class=\"elementor-element elementor-element-89cec06 elementor-widget elementor-widget-image\" data-id=\"89cec06\" data-element_type=\"widget\" data-widget_type=\"image.default\">\n\t\t\t\t<div class=\"elementor-widget-container\">\n\t\t\t\t\t\t\t\t\t\t\t\t\t\t<a href=\"https:\/\/bigodeloterias.com\/register?ref=meta02\">\n\t\t\t\t\t\t\t<img loading=\"lazy\" decoding=\"async\" width=\"1024\" height=\"367\" src=\"https:\/\/app.bigodeloterias.com\/wp-content\/uploads\/2025\/12\/BANNER-4-2-1-1024x367.png\" class=\"attachment-large size-large wp-image-128\" alt=\"\" srcset=\"https:\/\/app.bigodeloterias.com\/wp-content\/uploads\/2025\/12\/BANNER-4-2-1-1024x367.png 1024w, https:\/\/app.bigodeloterias.com\/wp-content\/uploads\/2025\/12\/BANNER-4-2-1-300x107.png 300w, https:\/\/app.bigodeloterias.com\/wp-content\/uploads\/2025\/12\/BANNER-4-2-1-768x275.png 768w, https:\/\/app.bigodeloterias.com\/wp-content\/uploads\/2025\/12\/BANNER-4-2-1.png 1100w\" sizes=\"(max-width: 1024px) 100vw, 1024px\" \/>\t\t\t\t\t\t\t\t<\/a>\n\t\t\t\t\t\t\t\t\t\t\t\t\t<\/div>\n\t\t\t\t<\/div>\n\t\t\t\t<div class=\"elementor-element elementor-element-3af14699 elementor-mobile-align-center elementor-align-center elementor-widget elementor-widget-button\" data-id=\"3af14699\" data-element_type=\"widget\" data-widget_type=\"button.default\">\n\t\t\t\t<div class=\"elementor-widget-container\">\n\t\t\t\t\t<div class=\"elementor-button-wrapper\">\n\t\t\t<a class=\"elementor-button elementor-button-link elementor-size-sm\" href=\"https:\/\/bigodeloterias.com\/\">\n\t\t\t\t\t\t<span class=\"elementor-button-content-wrapper\">\n\t\t\t\t\t\t<span class=\"elementor-button-icon\">\n\t\t\t\t<svg aria-hidden=\"true\" class=\"e-font-icon-svg e-fab-whatsapp\" viewBox=\"0 0 448 512\" xmlns=\"http:\/\/www.w3.org\/2000\/svg\"><path d=\"M380.9 97.1C339 55.1 283.2 32 223.9 32c-122.4 0-222 99.6-222 222 0 39.1 10.2 77.3 29.6 111L0 480l117.7-30.9c32.4 17.7 68.9 27 106.1 27h.1c122.3 0 224.1-99.6 224.1-222 0-59.3-25.2-115-67.1-157zm-157 341.6c-33.2 0-65.7-8.9-94-25.7l-6.7-4-69.8 18.3L72 359.2l-4.4-7c-18.5-29.4-28.2-63.3-28.2-98.2 0-101.7 82.8-184.5 184.6-184.5 49.3 0 95.6 19.2 130.4 54.1 34.8 34.9 56.2 81.2 56.1 130.5 0 101.8-84.9 184.6-186.6 184.6zm101.2-138.2c-5.5-2.8-32.8-16.2-37.9-18-5.1-1.9-8.8-2.8-12.5 2.8-3.7 5.6-14.3 18-17.6 21.8-3.2 3.7-6.5 4.2-12 1.4-32.6-16.3-54-29.1-75.5-66-5.7-9.8 5.7-9.1 16.3-30.3 1.8-3.7.9-6.9-.5-9.7-1.4-2.8-12.5-30.1-17.1-41.2-4.5-10.8-9.1-9.3-12.5-9.5-3.2-.2-6.9-.2-10.6-.2-3.7 0-9.7 1.4-14.8 6.9-5.1 5.6-19.4 19-19.4 46.3 0 27.3 19.9 53.7 22.6 57.4 2.8 3.7 39.1 59.7 94.8 83.8 35.2 15.2 49 16.5 66.6 13.9 10.7-1.6 32.8-13.4 37.4-26.4 4.6-13 4.6-24.1 3.2-26.4-1.3-2.5-5-3.9-10.5-6.6z\"><\/path><\/svg>\t\t\t<\/span>\n\t\t\t\t\t\t\t\t\t<span class=\"elementor-button-text\">FALAR COM PROMOTOR<\/span>\n\t\t\t\t\t<\/span>\n\t\t\t\t\t<\/a>\n\t\t<\/div>\n\t\t\t\t<\/div>\n\t\t\t\t<\/div>\n\t\t\t\t\t<\/div>\n\t\t\t\t<\/div>\n\t\t<div class=\"elementor-element elementor-element-780cd0e0 e-flex e-con-boxed e-con e-parent\" data-id=\"780cd0e0\" data-element_type=\"container\" data-settings=\"{&quot;background_background&quot;:&quot;classic&quot;}\">\n\t\t\t\t\t<div class=\"e-con-inner\">\n\t\t<div class=\"elementor-element elementor-element-23a5f1d7 e-con-full e-flex e-con e-child\" data-id=\"23a5f1d7\" data-element_type=\"container\" data-settings=\"{&quot;background_background&quot;:&quot;classic&quot;}\">\n\t\t\t\t<div class=\"elementor-element elementor-element-3d205788 elementor-widget elementor-widget-heading\" data-id=\"3d205788\" data-element_type=\"widget\" data-widget_type=\"heading.default\">\n\t\t\t\t<div class=\"elementor-widget-container\">\n\t\t\t<h2 class=\"elementor-heading-title elementor-size-default\">\u26a0\ufe0f Jogue com responsabilidade. O jogo pode causar depend\u00eancia. Proibido para menores de 18 anos. Se voc\u00ea ou algu\u00e9m que conhece tem problemas com jogos de azar, procure ajuda especializada.\n\n<\/h2>\t\t<\/div>\n\t\t\t\t<\/div>\n\t\t\t\t<\/div>\n\t\t\t\t<div class=\"elementor-element elementor-element-54225136 elementor-widget elementor-widget-heading\" data-id=\"54225136\" data-element_type=\"widget\" data-widget_type=\"heading.default\">\n\t\t\t\t<div class=\"elementor-widget-container\">\n\t\t\t<h2 class=\"elementor-heading-title elementor-size-default\">Feito para Brasileiro \ud83c\udde7\ud83c\uddf7\n\n\n<\/h2>\t\t<\/div>\n\t\t\t\t<\/div>\n\t\t\t\t<div class=\"elementor-element elementor-element-6d2143b7 elementor-widget elementor-widget-heading\" data-id=\"6d2143b7\" data-element_type=\"widget\" data-widget_type=\"heading.default\">\n\t\t\t\t<div class=\"elementor-widget-container\">\n\t\t\t<h2 class=\"elementor-heading-title elementor-size-default\">\u00a9 2025 Bigode Loterias. Todos os direitos reservados.\n\n<\/h2>\t\t<\/div>\n\t\t\t\t<\/div>\n\t\t\t\t\t<\/div>\n\t\t\t\t<\/div>\n\t\t\t\t<\/div>\n\t\t","protected":false},"excerpt":{"rendered":"<p>Jogar Agora CRIAR CONTA A MAIOR e MELHOR COTA\u00c7\u00c3O do Brasil!\u200b FALAR COM PROMOTOR \u26a0\ufe0f Jogue com responsabilidade. O jogo pode causar depend\u00eancia. Proibido para menores de 18 anos. Se voc\u00ea ou algu\u00e9m que conhece tem problemas com jogos de azar, procure ajuda especializada. Feito para Brasileiro \ud83c\udde7\ud83c\uddf7 \u00a9 2025 Bigode Loterias. Todos os direitos [&hellip;]<\/p>\n","protected":false},"author":1,"featured_media":0,"parent":0,"menu_order":0,"comment_status":"closed","ping_status":"closed","template":"elementor_canvas","meta":{"footnotes":""},"class_list":["post-235","page","type-page","status-publish","hentry"],"_links":{"self":[{"href":"https:\/\/app.bigodeloterias.com\/index.php?rest_route=\/wp\/v2\/pages\/235","targetHints":{"allow":["GET"]}}],"collection":[{"href":"https:\/\/app.bigodeloterias.com\/index.php?rest_route=\/wp\/v2\/pages"}],"about":[{"href":"https:\/\/app.bigodeloterias.com\/index.php?rest_route=\/wp\/v2\/types\/page"}],"author":[{"embeddable":true,"href":"https:\/\/app.bigodeloterias.com\/index.php?rest_route=\/wp\/v2\/users\/1"}],"replies":[{"embeddable":true,"href":"https:\/\/app.bigodeloterias.com\/index.php?rest_route=%2Fwp%2Fv2%2Fcomments&post=235"}],"version-history":[{"count":5,"href":"https:\/\/app.bigodeloterias.com\/index.php?rest_route=\/wp\/v2\/pages\/235\/revisions"}],"predecessor-version":[{"id":252,"href":"https:\/\/app.bigodeloterias.com\/index.php?rest_route=\/wp\/v2\/pages\/235\/revisions\/252"}],"wp:attachment":[{"href":"https:\/\/app.bigodeloterias.com\/index.php?rest_route=%2Fwp%2Fv2%2Fmedia&parent=235"}],"curies":[{"name":"wp","href":"https:\/\/api.w.org\/{rel}","templated":true}]}}